{"id":111,"date":"2013-06-04T09:55:20","date_gmt":"2013-06-04T09:55:20","guid":{"rendered":"http:\/\/45710.w10.wedos.ws\/domains\/zernosecke-vinarstvi.cz\/?page_id=111"},"modified":"2024-03-20T19:29:31","modified_gmt":"2024-03-20T19:29:31","slug":"rezervace","status":"publish","type":"page","link":"https:\/\/www.zernosecke-vinarstvi.cz\/en\/rezervace\/","title":{"rendered":"Booking"},"content":{"rendered":"<p>[et_pb_section fb_built=&#8220;1&#8243; _builder_version=&#8220;4.24.2&#8243; _module_preset=&#8220;default&#8220; global_colors_info=&#8220;{}&#8220;][et_pb_row admin_label=&#8220;Previo&#8220; _builder_version=&#8220;4.24.2&#8243; _module_preset=&#8220;default&#8220; positioning=&#8220;none&#8220; position_origin_a=&#8220;top_center&#8220; position_origin_f=&#8220;bottom_center&#8220; global_colors_info=&#8220;{}&#8220;][et_pb_column type=&#8220;4_4&#8243; _builder_version=&#8220;4.24.2&#8243; _module_preset=&#8220;default&#8220; global_colors_info=&#8220;{}&#8220;][et_pb_code _builder_version=&#8220;4.24.2&#8243; _module_preset=&#8220;default&#8220; hover_enabled=&#8220;0&#8243; global_colors_info=&#8220;{}&#8220; sticky_enabled=&#8220;0&#8243;]<!-- Reservation PLUS start --><!-- [et_pb_line_break_holder] --><script type=\"text\/javascript\" src=\"https:\/\/booking.previo.app\/iframe\/\"><\/script><!-- [et_pb_line_break_holder] --><iframe loading=\"lazy\" src=\"https:\/\/booking.previo.app\/?hotId=535\" scrolling=\"no\" frameborder=\"0\" width=\"100%\" height=\"2000\" name=\"previo-booking-iframe\" id=\"previo-booking-iframe\" allowTransparency=\"true\"><\/iframe><!-- [et_pb_line_break_holder] --><!-- Reservation PLUS end -->[\/et_pb_code][\/et_pb_column][\/et_pb_row][\/et_pb_section]<\/p>\n","protected":false},"excerpt":{"rendered":"","protected":false},"author":3,"featured_media":0,"parent":0,"menu_order":5,"comment_status":"closed","ping_status":"open","template":"","meta":{"_et_pb_use_builder":"on","_et_pb_old_content":"Pomoc\u00ed n\u00ed\u017ee uveden\u00e9ho formul\u00e1\u0159e m\u016f\u017eete prov\u00e9st rezervaci ubytov\u00e1n\u00ed:\r\n<div id=\"contactmap\">[contact-form-7 id=\"350\" title=\"Rezervace ubytov\u00e1n\u00ed\"]<\/div>\r\n<div><\/div>\r\n<div><strong>Do konce \u00fanora budou ubytovac\u00ed slu\u017eby a degustace omezeny. P\u0159\u00edpadn\u00e9 dotazy sm\u011b\u0159ujte na rezervace@zernosecke-vinarstvi.cz . Sou\u010dasn\u011b je t\u0159eba po\u010d\u00edtat s t\u00edm, \u017ee odpov\u011bdi na Va\u0161e dotazy budou zpracov\u00e1ny se zpo\u017ed\u011bn\u00edm. <\/strong><strong>Sou\u010dasn\u011b oznamujeme, \u017ee telefon 721 142 091 bude od 19. do 31.1. mimo provoz.<\/strong><\/div>","_et_gb_content_width":"","footnotes":""},"class_list":["post-111","page","type-page","status-publish","hentry"],"yoast_head":"<!-- This site is optimized with the Yoast SEO plugin v27.5 - https:\/\/yoast.com\/product\/yoast-seo-wordpress\/ -->\n<title>Rezervace - \u017dernoseck\u00e9 vina\u0159stv\u00ed - V\u00edna z Porty Bohemicy<\/title>\n<meta name=\"robots\" content=\"index, follow, max-snippet:-1, max-image-preview:large, max-video-preview:-1\" \/>\n<link rel=\"canonical\" href=\"https:\/\/www.zernosecke-vinarstvi.cz\/en\/rezervace\/\" \/>\n<meta property=\"og:locale\" content=\"en_GB\" \/>\n<meta property=\"og:type\" content=\"article\" \/>\n<meta property=\"og:title\" content=\"Rezervace - \u017dernoseck\u00e9 vina\u0159stv\u00ed - V\u00edna z Porty Bohemicy\" \/>\n<meta property=\"og:url\" content=\"https:\/\/www.zernosecke-vinarstvi.cz\/en\/rezervace\/\" \/>\n<meta property=\"og:site_name\" content=\"\u017dernoseck\u00e9 vina\u0159stv\u00ed\" \/>\n<meta property=\"article:publisher\" content=\"https:\/\/www.facebook.com\/zernoseckevinarstvi\" \/>\n<meta property=\"article:modified_time\" content=\"2024-03-20T19:29:31+00:00\" \/>\n<meta property=\"og:image\" content=\"https:\/\/www.zernosecke-vinarstvi.cz\/wp-content\/uploads\/2015\/02\/ernoseck\u00e9-vina\u0159stv\u00ed-logo-horizont\u00e1ln\u011b-e1422858838493.png\" \/>\n\t<meta property=\"og:image:width\" content=\"388\" \/>\n\t<meta property=\"og:image:height\" content=\"120\" \/>\n\t<meta property=\"og:image:type\" content=\"image\/png\" \/>\n<meta name=\"twitter:card\" content=\"summary_large_image\" \/>\n<meta name=\"twitter:label1\" content=\"Estimated reading time\" \/>\n\t<meta name=\"twitter:data1\" content=\"1 minute\" \/>\n<script type=\"application\/ld+json\" class=\"yoast-schema-graph\">{\"@context\":\"https:\\\/\\\/schema.org\",\"@graph\":[{\"@type\":\"WebPage\",\"@id\":\"https:\\\/\\\/www.zernosecke-vinarstvi.cz\\\/rezervace\\\/\",\"url\":\"https:\\\/\\\/www.zernosecke-vinarstvi.cz\\\/rezervace\\\/\",\"name\":\"Rezervace - \u017dernoseck\u00e9 vina\u0159stv\u00ed - V\u00edna z Porty Bohemicy\",\"isPartOf\":{\"@id\":\"https:\\\/\\\/www.zernosecke-vinarstvi.cz\\\/#website\"},\"datePublished\":\"2013-06-04T09:55:20+00:00\",\"dateModified\":\"2024-03-20T19:29:31+00:00\",\"breadcrumb\":{\"@id\":\"https:\\\/\\\/www.zernosecke-vinarstvi.cz\\\/rezervace\\\/#breadcrumb\"},\"inLanguage\":\"en-GB\",\"potentialAction\":[{\"@type\":\"ReadAction\",\"target\":[\"https:\\\/\\\/www.zernosecke-vinarstvi.cz\\\/rezervace\\\/\"]}]},{\"@type\":\"BreadcrumbList\",\"@id\":\"https:\\\/\\\/www.zernosecke-vinarstvi.cz\\\/rezervace\\\/#breadcrumb\",\"itemListElement\":[{\"@type\":\"ListItem\",\"position\":1,\"name\":\"\u017dernoseck\u00e9 vina\u0159stv\u00ed s.r.o.\",\"item\":\"https:\\\/\\\/www.zernosecke-vinarstvi.cz\\\/\"},{\"@type\":\"ListItem\",\"position\":2,\"name\":\"Rezervace\"}]},{\"@type\":\"WebSite\",\"@id\":\"https:\\\/\\\/www.zernosecke-vinarstvi.cz\\\/#website\",\"url\":\"https:\\\/\\\/www.zernosecke-vinarstvi.cz\\\/\",\"name\":\"\u017dernoseck\u00e9 vina\u0159stv\u00ed\",\"description\":\"V\u00edna z Porty Bohemicy\",\"publisher\":{\"@id\":\"https:\\\/\\\/www.zernosecke-vinarstvi.cz\\\/#organization\"},\"potentialAction\":[{\"@type\":\"SearchAction\",\"target\":{\"@type\":\"EntryPoint\",\"urlTemplate\":\"https:\\\/\\\/www.zernosecke-vinarstvi.cz\\\/?s={search_term_string}\"},\"query-input\":{\"@type\":\"PropertyValueSpecification\",\"valueRequired\":true,\"valueName\":\"search_term_string\"}}],\"inLanguage\":\"en-GB\"},{\"@type\":\"Organization\",\"@id\":\"https:\\\/\\\/www.zernosecke-vinarstvi.cz\\\/#organization\",\"name\":\"\u017dernoseck\u00e9 vina\u0159stv\u00ed s.r.o.\",\"url\":\"https:\\\/\\\/www.zernosecke-vinarstvi.cz\\\/\",\"logo\":{\"@type\":\"ImageObject\",\"inLanguage\":\"en-GB\",\"@id\":\"https:\\\/\\\/www.zernosecke-vinarstvi.cz\\\/#\\\/schema\\\/logo\\\/image\\\/\",\"url\":\"https:\\\/\\\/www.zernosecke-vinarstvi.cz\\\/wp-content\\\/uploads\\\/2015\\\/02\\\/ernoseck\u00e9-vina\u0159stv\u00ed-logo-horizont\u00e1ln\u011b-e1422858838493.png\",\"contentUrl\":\"https:\\\/\\\/www.zernosecke-vinarstvi.cz\\\/wp-content\\\/uploads\\\/2015\\\/02\\\/ernoseck\u00e9-vina\u0159stv\u00ed-logo-horizont\u00e1ln\u011b-e1422858838493.png\",\"width\":388,\"height\":120,\"caption\":\"\u017dernoseck\u00e9 vina\u0159stv\u00ed s.r.o.\"},\"image\":{\"@id\":\"https:\\\/\\\/www.zernosecke-vinarstvi.cz\\\/#\\\/schema\\\/logo\\\/image\\\/\"},\"sameAs\":[\"https:\\\/\\\/www.facebook.com\\\/zernoseckevinarstvi\"]}]}<\/script>\n<!-- \/ Yoast SEO plugin. -->","yoast_head_json":{"title":"Rezervace - \u017dernoseck\u00e9 vina\u0159stv\u00ed - V\u00edna z Porty Bohemicy","robots":{"index":"index","follow":"follow","max-snippet":"max-snippet:-1","max-image-preview":"max-image-preview:large","max-video-preview":"max-video-preview:-1"},"canonical":"https:\/\/www.zernosecke-vinarstvi.cz\/en\/rezervace\/","og_locale":"en_GB","og_type":"article","og_title":"Rezervace - \u017dernoseck\u00e9 vina\u0159stv\u00ed - V\u00edna z Porty Bohemicy","og_url":"https:\/\/www.zernosecke-vinarstvi.cz\/en\/rezervace\/","og_site_name":"\u017dernoseck\u00e9 vina\u0159stv\u00ed","article_publisher":"https:\/\/www.facebook.com\/zernoseckevinarstvi","article_modified_time":"2024-03-20T19:29:31+00:00","og_image":[{"width":388,"height":120,"url":"https:\/\/www.zernosecke-vinarstvi.cz\/wp-content\/uploads\/2015\/02\/ernoseck\u00e9-vina\u0159stv\u00ed-logo-horizont\u00e1ln\u011b-e1422858838493.png","type":"image\/png"}],"twitter_card":"summary_large_image","twitter_misc":{"Estimated reading time":"1 minute"},"schema":{"@context":"https:\/\/schema.org","@graph":[{"@type":"WebPage","@id":"https:\/\/www.zernosecke-vinarstvi.cz\/rezervace\/","url":"https:\/\/www.zernosecke-vinarstvi.cz\/rezervace\/","name":"Rezervace - \u017dernoseck\u00e9 vina\u0159stv\u00ed - V\u00edna z Porty Bohemicy","isPartOf":{"@id":"https:\/\/www.zernosecke-vinarstvi.cz\/#website"},"datePublished":"2013-06-04T09:55:20+00:00","dateModified":"2024-03-20T19:29:31+00:00","breadcrumb":{"@id":"https:\/\/www.zernosecke-vinarstvi.cz\/rezervace\/#breadcrumb"},"inLanguage":"en-GB","potentialAction":[{"@type":"ReadAction","target":["https:\/\/www.zernosecke-vinarstvi.cz\/rezervace\/"]}]},{"@type":"BreadcrumbList","@id":"https:\/\/www.zernosecke-vinarstvi.cz\/rezervace\/#breadcrumb","itemListElement":[{"@type":"ListItem","position":1,"name":"\u017dernoseck\u00e9 vina\u0159stv\u00ed s.r.o.","item":"https:\/\/www.zernosecke-vinarstvi.cz\/"},{"@type":"ListItem","position":2,"name":"Rezervace"}]},{"@type":"WebSite","@id":"https:\/\/www.zernosecke-vinarstvi.cz\/#website","url":"https:\/\/www.zernosecke-vinarstvi.cz\/","name":"\u017dernoseck\u00e9 vina\u0159stv\u00ed","description":"V\u00edna z Porty Bohemicy","publisher":{"@id":"https:\/\/www.zernosecke-vinarstvi.cz\/#organization"},"potentialAction":[{"@type":"SearchAction","target":{"@type":"EntryPoint","urlTemplate":"https:\/\/www.zernosecke-vinarstvi.cz\/?s={search_term_string}"},"query-input":{"@type":"PropertyValueSpecification","valueRequired":true,"valueName":"search_term_string"}}],"inLanguage":"en-GB"},{"@type":"Organization","@id":"https:\/\/www.zernosecke-vinarstvi.cz\/#organization","name":"\u017dernoseck\u00e9 vina\u0159stv\u00ed s.r.o.","url":"https:\/\/www.zernosecke-vinarstvi.cz\/","logo":{"@type":"ImageObject","inLanguage":"en-GB","@id":"https:\/\/www.zernosecke-vinarstvi.cz\/#\/schema\/logo\/image\/","url":"https:\/\/www.zernosecke-vinarstvi.cz\/wp-content\/uploads\/2015\/02\/ernoseck\u00e9-vina\u0159stv\u00ed-logo-horizont\u00e1ln\u011b-e1422858838493.png","contentUrl":"https:\/\/www.zernosecke-vinarstvi.cz\/wp-content\/uploads\/2015\/02\/ernoseck\u00e9-vina\u0159stv\u00ed-logo-horizont\u00e1ln\u011b-e1422858838493.png","width":388,"height":120,"caption":"\u017dernoseck\u00e9 vina\u0159stv\u00ed s.r.o."},"image":{"@id":"https:\/\/www.zernosecke-vinarstvi.cz\/#\/schema\/logo\/image\/"},"sameAs":["https:\/\/www.facebook.com\/zernoseckevinarstvi"]}]}},"_links":{"self":[{"href":"https:\/\/www.zernosecke-vinarstvi.cz\/en\/wp-json\/wp\/v2\/pages\/111","targetHints":{"allow":["GET"]}}],"collection":[{"href":"https:\/\/www.zernosecke-vinarstvi.cz\/en\/wp-json\/wp\/v2\/pages"}],"about":[{"href":"https:\/\/www.zernosecke-vinarstvi.cz\/en\/wp-json\/wp\/v2\/types\/page"}],"author":[{"embeddable":true,"href":"https:\/\/www.zernosecke-vinarstvi.cz\/en\/wp-json\/wp\/v2\/users\/3"}],"replies":[{"embeddable":true,"href":"https:\/\/www.zernosecke-vinarstvi.cz\/en\/wp-json\/wp\/v2\/comments?post=111"}],"version-history":[{"count":23,"href":"https:\/\/www.zernosecke-vinarstvi.cz\/en\/wp-json\/wp\/v2\/pages\/111\/revisions"}],"predecessor-version":[{"id":5541,"href":"https:\/\/www.zernosecke-vinarstvi.cz\/en\/wp-json\/wp\/v2\/pages\/111\/revisions\/5541"}],"wp:attachment":[{"href":"https:\/\/www.zernosecke-vinarstvi.cz\/en\/wp-json\/wp\/v2\/media?parent=111"}],"curies":[{"name":"wp","href":"https:\/\/api.w.org\/{rel}","templated":true}]}}